{"id":341,"date":"2020-07-01T14:05:15","date_gmt":"2020-07-01T14:05:15","guid":{"rendered":"http:\/\/demos.upperthemes.com\/alma\/site1\/?page_id=341"},"modified":"2024-07-05T17:55:21","modified_gmt":"2024-07-05T17:55:21","slug":"impresion-digital-encuadernacion-trifoliares-bifoliares-volantes-dipticos-tripticos-afiches-libros","status":"publish","type":"page","link":"https:\/\/tintapapel.com.gt\/","title":{"rendered":"Inicio"},"content":{"rendered":"<div class=\"wpb-content-wrapper\"><p>[vc_row full_width=\u00bbstretch_row_content\u00bb full_height=\u00bbyes\u00bb bg_type=\u00bbimage\u00bb parallax_style=\u00bbvcpb-default\u00bb bg_image_new=\u00bbid^1106|url^https:\/\/tintapapel.com.gt\/wp-content\/uploads\/2024\/05\/bg_1-scaled.jpg|caption^null|alt^null|title^bg_1|description^null\u00bb bg_image_repeat=\u00bbno-repeat\u00bb bg_override=\u00bbex-full\u00bb enable_overlay=\u00bbenable_overlay_value\u00bb overlay_color=\u00bbrgba(0,0,0,0.11)\u00bb][vc_column width=\u00bb2\/3&#8243; el_class=\u00bbhome-padding1 homef\u00bb]<div class=\"ult-spacer spacer-69d9df622ccd6\" data-id=\"69d9df622ccd6\" data-height=\"220\" data-height-mobile=\"100\" data-height-tab=\"150\" data-height-tab-portrait=\"200\" data-height-mobile-landscape=\"200\" style=\"clear:both;display:block;\"><\/div><div class=\"ult-animation  ult-animate-viewport  ult-no-mobile \" data-animate=\"fadeInUp\" data-animation-delay=\"0.3\" data-animation-duration=\"1\" data-animation-iteration=\"1\" style=\"opacity:0;\" data-opacity_start_effect=\"\">[vc_custom_heading text=\u00bbFelicidad es Color &#x2665; TintaPapel\u00bb font_container=\u00bbtag:h3|text_align:left|color:%23ffffff\u00bb google_fonts=\u00bbfont_family:Handlee%3Aregular|font_style:400%20regular%3A400%3Anormal\u00bb css_animation=\u00bbnone\u00bb css=\u00bb.vc_custom_1719538348058{margin-bottom: -10px !important;}\u00bb][vc_empty_space height=\u00bb20px\u00bb]<h2 id=\"uvc-type-wrap-5956\"  data-ultimate-target='#uvc-type-wrap-5956'  data-responsive-json-new='{\"font-size\":\"desktop:100px;tablet:100px;tablet_portrait:80px;mobile_landscape:70px;mobile:40px;\",\"line-height\":\"desktop:120px;tablet:120px;tablet_portrait:100px;mobile_landscape:90px;mobile:40px;\"}'  class=\"uvc-type-wrap  ult-adjust-bottom-margin ult-responsive  uvc-type-align-left  uvc-wrap-225553917869d9df622ce16\" style=\"text-align:left;\"><span  data-ultimate-target='#uvc-type-wrap-5956 .mycustfancy'  data-responsive-json-new='{\"font-size\":\"\",\"line-height\":\"\"}'  class=\"ultimate-typewriter-prefix mycustfancy ult-responsive\" style=\"font-family:&#039;Abel&#039;;font-weight:bold;color:#ffffff;background :#474747; text-transform: uppercase;\">Es<\/span><span id=\"typed-225553917869d9df622ce16\" class=\"ultimate-typed-main \" style=\"color:#c0d4e0; font-weight:600; text-transform: uppercase;\"><\/span><script type=\"text\/javascript\"> \n\t\t\t\t\t\tjQuery(function($){ \n\t\t\t\t\t\t\t$(document).ready(function(){\n\t\t\t\t\t\t\t\tif( typeof jQuery(\"#typed-225553917869d9df622ce16\").typed == \"function\"){\n\t\t\t\t\t\t\t\t\t$(\"#typed-225553917869d9df622ce16\").typed({\n\t\t\t\t\t\t\t\t\t\tstrings: [\"Impresi\u00f3n\",\"Personalizaci\u00f3n\",\"Dise\u00f1o\"],\n\t\t\t\t\t\t\t\t\t\ttypeSpeed: 0,\n\t\t\t\t\t\t\t\t\t\tbackSpeed: 100,\n\t\t\t\t\t\t\t\t\t\tstartDelay: 10,\n\t\t\t\t\t\t\t\t\t\tbackDelay: 0,\n\t\t\t\t\t\t\t\t\t\tloop: true,\n\t\t\t\t\t\t\t\t\t\tloopCount: false,\n\t\t\t\t\t\t\t\t\t\tshowCursor: true,\n\t\t\t\t\t\t\t\t\t\tcursorChar: \"|\",\n\t\t\t\t\t\t\t\t\t\tattr: null\n\t\t\t\t\t\t\t\t\t});\n\t\t\t\t\t\t\t\t}\n\t\t\t\t\t\t\t});\n\t\t\t\t\t\t});\n\t\t\t\t\t<\/script><\/h2>[vc_empty_space height=\u00bb50px\u00bb][vc_btn title=\u00bbGira tu celular y haz click para ver el cat\u00e1logo\u00bb style=\u00bbgradient-custom\u00bb gradient_custom_color_1=\u00bb\u00bb gradient_custom_color_2=\u00bb\u00bb shape=\u00bbsquare\u00bb css=\u00bb\u00bb link=\u00bburl:https%3A%2F%2Ftintapapel.com.gt%2Fbrochure%2F|target:_blank\u00bb el_class=\u00bbnav-to\u00bb]<\/div><div class=\"ult-spacer spacer-69d9df622d0c6\" data-id=\"69d9df622d0c6\" data-height=\"250\" data-height-mobile=\"100\" data-height-tab=\"150\" data-height-tab-portrait=\"200\" data-height-mobile-landscape=\"200\" style=\"clear:both;display:block;\"><\/div>[\/vc_column][vc_column width=\u00bb1\/3&#8243;][\/vc_column][\/vc_row][vc_row full_width=\u00bbstretch_row_content_no_spaces\u00bb full_height=\u00bbyes\u00bb bg_type=\u00bbbg_color\u00bb bg_override=\u00bbex-full\u00bb el_id=\u00bbhome-freelancer-about\u00bb bg_color_value=\u00bb#ffffff\u00bb][vc_column width=\u00bb1\/2&#8243; el_class=\u00bbhome-padding1&#8243;]<div class=\"ult-spacer spacer-69d9df622d0e9\" data-id=\"69d9df622d0e9\" data-height=\"80\" data-height-mobile=\"50\" data-height-tab=\"\" data-height-tab-portrait=\"50\" data-height-mobile-landscape=\"50\" style=\"clear:both;display:block;\"><\/div>[vc_custom_heading text=\u00bbTINTA PAPEL\u00bb use_theme_fonts=\u00bbyes\u00bb css=\u00bb\u00bb][vc_empty_space height=\u00bb10px\u00bb][vc_custom_heading text=\u00bbTintaPapel surge con la visi\u00f3n de establecer una relaci\u00f3n profesional con nuestros clientes centrada en sus ideas y proyectos. Brindamos asesoramiento en materiales, t\u00e9cnicas y acabados finales.\u00bb font_container=\u00bbtag:p|font_size:22px|text_align:left\u00bb use_theme_fonts=\u00bbyes\u00bb css=\u00bb\u00bb el_class=\u00bbno-letter-spacing\u00bb][vc_empty_space height=\u00bb15px\u00bb][vc_column_text css=\u00bb\u00bb]Siempre dispuestos a tener una comunicaci\u00f3n abierta, darle el seguimiento necesario hasta la entrega final,<span class=\"Apple-converted-space\">\u00a0<\/span>con el \u00fanico objetivo de dar confianza y seguridad de que el material ser\u00e1 de su satisfacci\u00f3n y entregado a tiempo.[\/vc_column_text][vc_empty_space height=\u00bb10px\u00bb][vc_custom_heading text=\u00bbEquipo TintaPapel\u00bb font_container=\u00bbtag:h3|text_align:left\u00bb google_fonts=\u00bbfont_family:Nothing%20You%20Could%20Do%3Aregular|font_style:400%20regular%3A400%3Anormal\u00bb css=\u00bb\u00bb el_class=\u00bbhomesignature\u00bb][vc_empty_space height=\u00bb40px\u00bb][vc_custom_heading text=\u00bbDESTACAMOS EN\u00bb font_container=\u00bbtag:h5|text_align:left\u00bb use_theme_fonts=\u00bbyes\u00bb css=\u00bb\u00bb][vc_empty_space height=\u00bb40px\u00bb][vc_progress_bar values=\u00bb%5B%7B%22label%22%3A%22Atenci%C3%B3n%20Personalizada%22%2C%22value%22%3A%22100%22%2C%22color%22%3A%22custom%22%2C%22customtxtcolor%22%3A%22%230f0833%22%7D%2C%7B%22label%22%3A%22Urgentes%22%2C%22value%22%3A%22100%22%2C%22color%22%3A%22custom%22%2C%22customcolor%22%3A%22%231facc1%22%2C%22customtxtcolor%22%3A%22%23000000%22%7D%5D\u00bb bgcolor=\u00bbviolet\u00bb css=\u00bb\u00bb][vc_empty_space height=\u00bb20px\u00bb][vc_custom_heading text=\u00bbS\u00cdGUENOS\u00bb font_container=\u00bbtag:h5|text_align:left\u00bb use_theme_fonts=\u00bbyes\u00bb css=\u00bb\u00bb][vc_empty_space height=\u00bb10px\u00bb]<div id=\"naapo-social-networks-shortcode-1\" class=\"widget alma_socials_widget\"><div class=\"social-icons-fa align-left\"><ul><li><a href=\"https:\/\/www.facebook.com\/profile.php?id=100063817412443&#038;mibextid=LQQJ4d\" target=\"_blank\" class=\"social-network facebook\" title=\"Facebook\"><i class=\"fab fa-facebook\"><\/i><\/a><\/li><li><a href=\"http:\/\/www.linkedin.com\/in\/tinta-papel\" target=\"_blank\" class=\"social-network linkedin\" title=\"LinkedIn\"><i class=\"fab fa-linkedin\"><\/i><\/a><\/li><li><a href=\"https:\/\/www.instagram.com\/tintapapel.impresiones\/\" target=\"_blank\" class=\"social-network instagram\" title=\"Instagram\"><i class=\"fab fa-instagram\"><\/i><\/a><\/li><li><a href=\"https:\/\/api.whatsapp.com\/send\/?phone=50253172601&#038;text&#038;type=phone_number&#038;app_absent=0\" target=\"_blank\" class=\"social-network whatsapp\" title=\"whatsapp\"><i class=\"fab fa-whatsapp\"><\/i><\/a><\/li><\/ul><\/div><\/div><div class=\"ult-spacer spacer-69d9df622d3a7\" data-id=\"69d9df622d3a7\" data-height=\"\" data-height-mobile=\"50\" data-height-tab=\"\" data-height-tab-portrait=\"50\" data-height-mobile-landscape=\"50\" style=\"clear:both;display:block;\"><\/div>[\/vc_column][vc_column width=\u00bb1\/2&#8243;][vc_single_image image=\u00bb1113&#8243; img_size=\u00bbfull\u00bb alignment=\u00bbright\u00bb css=\u00bb\u00bb][\/vc_column][\/vc_row][vc_row full_width=\u00bbstretch_row_content_no_spaces\u00bb equal_height=\u00bbyes\u00bb content_placement=\u00bbmiddle\u00bb enable_overlay=\u00bbenable_overlay_value\u00bb multi_color_overlay=\u00bbuvc-multi-color-bg\u00bb multi_color_overlay_opacity=\u00bb50&#8243;][vc_column width=\u00bb1\/3&#8243; el_class=\u00bbmax-wide-box\u00bb]<div class=\"ult-content-box-container \" >\t\t<div class=\"ult-content-box\" style=\"background-color:#e1c5ba;box-shadow: px px px px none;padding:80px;-webkit-transition: all 700ms ease;-moz-transition: all 700ms ease;-ms-transition: all 700ms ease;-o-transition: all 700ms ease;transition: all 700ms ease;\"  data-hover_box_shadow=\"none\"     data-bg=\"#e1c5ba\" ><div class=\"ult-just-icon-wrapper  \"><div class=\"align-icon\" style=\"text-align:center;\">\n<div class=\"aio-icon none \"  style=\"color:#ffffff;font-size:80px;display:inline-block;\">\n\t<i class=\"linearicons-palette\"><\/i>\n<\/div><\/div><\/div>[vc_empty_space height=\u00bb20px\u00bb][vc_custom_heading text=\u00bbDISE\u00d1O\u00bb font_container=\u00bbtag:h4|text_align:center|color:%23ffffff\u00bb use_theme_fonts=\u00bbyes\u00bb css=\u00bb\u00bb el_class=\u00bbalign-center\u00bb][vc_column_text css=\u00bb\u00bb]<\/p>\n<p style=\"text-align: center;\"><span style=\"color: #f5f5f5;\">Outsourcing de dise\u00f1o<\/span><\/p>\n<p>[\/vc_column_text][vc_empty_space height=\u00bb20px\u00bb]\t\t<\/div><\/div>[\/vc_column][vc_column width=\u00bb1\/3&#8243; el_class=\u00bbmax-wide-box\u00bb]<div class=\"ult-content-box-container \" >\t\t<div class=\"ult-content-box\" style=\"background-color:#d6a1af;box-shadow: px px px px none;padding:80px;-webkit-transition: all 700ms ease;-moz-transition: all 700ms ease;-ms-transition: all 700ms ease;-o-transition: all 700ms ease;transition: all 700ms ease;\"  data-hover_box_shadow=\"none\"     data-bg=\"#d6a1af\" ><div class=\"ult-just-icon-wrapper  \"><div class=\"align-icon\" style=\"text-align:center;\">\n<div class=\"aio-icon none \"  style=\"color:#ffffff;font-size:80px;display:inline-block;\">\n\t<i class=\"Defaults-print\"><\/i>\n<\/div><\/div><\/div>[vc_empty_space height=\u00bb20px\u00bb][vc_custom_heading text=\u00bbIMPRESI\u00d3N\u00bb font_container=\u00bbtag:h4|text_align:center|color:%23ffffff\u00bb use_theme_fonts=\u00bbyes\u00bb css=\u00bb\u00bb el_class=\u00bbalign-center\u00bb][vc_column_text css=\u00bb\u00bb]<\/p>\n<p style=\"text-align: center;\"><span style=\"color: #f5f5f5;\">\u00bfM\u00ednimos? No tenemos\u00a0<\/span><\/p>\n<p style=\"text-align: center;\"><span style=\"color: #f5f5f5;\"> \u00bfM\u00e1ximos? tamp\u00f3co.<\/span><\/p>\n<p>[\/vc_column_text][vc_empty_space height=\u00bb20px\u00bb]\t\t<\/div><\/div>[\/vc_column][vc_column width=\u00bb1\/3&#8243; el_class=\u00bbmax-wide-box\u00bb]<div class=\"ult-content-box-container \" >\t\t<div class=\"ult-content-box\" style=\"background-color:#8f9eae;box-shadow: px px px px none;padding:80px;-webkit-transition: all 700ms ease;-moz-transition: all 700ms ease;-ms-transition: all 700ms ease;-o-transition: all 700ms ease;transition: all 700ms ease;\"  data-hover_box_shadow=\"none\"     data-bg=\"#8f9eae\" ><div class=\"ult-just-icon-wrapper  \"><div class=\"align-icon\" style=\"text-align:center;\">\n<div class=\"aio-icon none \"  style=\"color:#ffffff;font-size:80px;display:inline-block;\">\n\t<i class=\"linearicons-file-code\"><\/i>\n<\/div><\/div><\/div>[vc_empty_space height=\u00bb20px\u00bb][vc_custom_heading text=\u00bbPERSONALIZACI\u00d3N\u00bb font_container=\u00bbtag:h4|text_align:center|color:%23ffffff\u00bb use_theme_fonts=\u00bbyes\u00bb css=\u00bb\u00bb el_class=\u00bbalign-center\u00bb][vc_column_text css=\u00bb\u00bb]<\/p>\n<p style=\"text-align: center;\"><span style=\"color: #f5f5f5;\">Tu imaginaci\u00f3n es nuestro l\u00edmite.<\/span><\/p>\n<p>[\/vc_column_text][vc_empty_space height=\u00bb20px\u00bb]\t\t<\/div><\/div>[\/vc_column][\/vc_row][vc_row full_width=\u00bbstretch_row_content_no_spaces\u00bb bg_type=\u00bbimage\u00bb parallax_style=\u00bbvcpb-animated\u00bb bg_image_new=\u00bbid^294|url^https:\/\/tintapapel.com.gt\/wp-content\/uploads\/2020\/06\/slide74e-1.jpg|caption^null|alt^null|title^slide74e|description^null\u00bb bg_override=\u00bbfull\u00bb enable_overlay=\u00bbenable_overlay_value\u00bb overlay_color=\u00bbrgba(0,0,0,0.7)\u00bb css=\u00bb.vc_custom_1720202186911{padding-top: 130px !important;padding-bottom: 130px !important;}\u00bb][vc_column][vc_custom_heading text=\u00bbMIRA NUESTRO CAT\u00c1LOGO M\u00c1S COMPLETO\u00bb font_container=\u00bbtag:h3|text_align:center|color:%23ffffff\u00bb use_theme_fonts=\u00bbyes\u00bb css=\u00bb\u00bb el_class=\u00bbalign-center\u00bb][vc_btn title=\u00bbBrochure\u00bb style=\u00bboutline\u00bb color=\u00bbinfo\u00bb align=\u00bbcenter\u00bb css_animation=\u00bbzoomInRight\u00bb css=\u00bb\u00bb link=\u00bburl:http%3A%2F%2Fbrochure.tintapapel.com.gt|title:brochure.tintapapel.com.gt|target:_blank\u00bb][\/vc_column][\/vc_row][vc_row bg_type=\u00bbgrad\u00bb bg_override=\u00bbex-full\u00bb css=\u00bb.vc_custom_1591637519023{padding-top: 100px !important;padding-bottom: 100px !important;}\u00bb bg_grad=\u00bbbackground: -webkit-gradient(linear, left top, left bottom, color-stop(0%, #FFFFFF), color-stop(99%, #FDF4F2));background: -moz-linear-gradient(top,#FFFFFF 0%,#FDF4F2 99%);background: -webkit-linear-gradient(top,#FFFFFF 0%,#FDF4F2 99%);background: -o-linear-gradient(top,#FFFFFF 0%,#FDF4F2 99%);background: -ms-linear-gradient(top,#FFFFFF 0%,#FDF4F2 99%);background: linear-gradient(top,#FFFFFF 0%,#FDF4F2 99%);\u00bb el_class=\u00bbwideipad\u00bb][vc_column width=\u00bb1\/6&#8243; el_class=\u00bbhome-padding2&#8243;][\/vc_column][vc_column width=\u00bb2\/3&#8243;][vc_custom_heading text=\u00bbCont\u00e1ctanos, ser\u00e1 un gusto atenderte.\u00bb font_container=\u00bbtag:h6|text_align:center\u00bb use_theme_fonts=\u00bbyes\u00bb css=\u00bb\u00bb el_class=\u00bbalign-center\u00bb][vc_custom_heading text=\u00bbEnviar mensaje\u00bb font_container=\u00bbtag:h4|font_size:40px|text_align:center\u00bb use_theme_fonts=\u00bbyes\u00bb css=\u00bb\u00bb el_class=\u00bbalign-center\u00bb][vc_empty_space height=\u00bb40px\u00bb]<div class=\"ult-content-box-container \" >\t\t<div class=\"ult-content-box\" style=\"background-color:#ffffff;box-shadow: 5px 5px 25px 0px #e0e5e7 ;border-style:none;padding-top:40px;padding-right:40px;padding-bottom:40px;padding-left:40px;min-height:400px;-webkit-transition: all 700ms ease;-moz-transition: all 700ms ease;-ms-transition: all 700ms ease;-o-transition: all 700ms ease;transition: all 700ms ease;\"  data-hover_bg_color=\"#ffffff\"  data-hover_box_shadow=\" 5px 5px 25px 0px #e0e5e7 \"     data-bg=\"#ffffff\"  data-border_color=\"\" >\n<div class=\"wpcf7 no-js\" id=\"wpcf7-f251-o1\" lang=\"en-US\" dir=\"ltr\">\n<div class=\"screen-reader-response\"><p role=\"status\" aria-live=\"polite\" aria-atomic=\"true\"><\/p> <ul><\/ul><\/div>\n<form action=\"\/index.php?rest_route=%2Fwp%2Fv2%2Fpages%2F341#wpcf7-f251-o1\" method=\"post\" class=\"wpcf7-form init\" aria-label=\"Contact form\" novalidate=\"novalidate\" data-status=\"init\">\n<div style=\"display: none;\">\n<input type=\"hidden\" name=\"_wpcf7\" value=\"251\" \/>\n<input type=\"hidden\" name=\"_wpcf7_version\" value=\"5.9.6\" \/>\n<input type=\"hidden\" name=\"_wpcf7_locale\" value=\"en_US\" \/>\n<input type=\"hidden\" name=\"_wpcf7_unit_tag\" value=\"wpcf7-f251-o1\" \/>\n<input type=\"hidden\" name=\"_wpcf7_container_post\" value=\"0\" \/>\n<input type=\"hidden\" name=\"_wpcf7_posted_data_hash\" value=\"\" \/>\n<\/div>\n<div class=\"alma-form-simple-wide style2\">\n\t<div class=\"f-name\">\n\t\t<p><span class=\"wpcf7-form-control-wrap\" data-name=\"your-name\"><input size=\"40\" maxlength=\"80\" class=\"wpcf7-form-control wpcf7-text wpcf7-validates-as-required\" aria-required=\"true\" aria-invalid=\"false\" placeholder=\"Name *\" value=\"\" type=\"text\" name=\"your-name\" \/><\/span>\n\t\t<\/p>\n\t<\/div>\n\t<div class=\"f-email\">\n\t\t<p><span class=\"wpcf7-form-control-wrap\" data-name=\"your-email\"><input size=\"40\" maxlength=\"80\" class=\"wpcf7-form-control wpcf7-email wpcf7-validates-as-required wpcf7-text wpcf7-validates-as-email\" aria-required=\"true\" aria-invalid=\"false\" placeholder=\"Email *\" value=\"\" type=\"email\" name=\"your-email\" \/><\/span>\n\t\t<\/p>\n\t<\/div>\n\t<div class=\"f-message\">\n\t\t<p><span class=\"wpcf7-form-control-wrap\" data-name=\"your-message\"><textarea cols=\"40\" rows=\"10\" maxlength=\"400\" class=\"wpcf7-form-control wpcf7-textarea wpcf7-validates-as-required\" aria-required=\"true\" aria-invalid=\"false\" placeholder=\"Message *\" name=\"your-message\"><\/textarea><\/span>\n\t\t<\/p>\n\t<\/div>\n\t<div class=\"bt-contact\">\n\t\t<p><a class=\"btn-contact-left\"  href=\"javascript:;\"><input class=\"wpcf7-form-control wpcf7-submit has-spinner\" type=\"submit\" value=\"SEND\" \/><\/a>\n\t\t<\/p>\n\t<\/div>\n<\/div><p style=\"display: none !important;\" class=\"akismet-fields-container\" data-prefix=\"_wpcf7_ak_\"><label>&#916;<textarea name=\"_wpcf7_ak_hp_textarea\" cols=\"45\" rows=\"8\" maxlength=\"100\"><\/textarea><\/label><input type=\"hidden\" id=\"ak_js_1\" name=\"_wpcf7_ak_js\" value=\"250\"\/><script>document.getElementById( \"ak_js_1\" ).setAttribute( \"value\", ( new Date() ).getTime() );<\/script><\/p><div class=\"wpcf7-response-output\" aria-hidden=\"true\"><\/div>\n<\/form>\n<\/div>\n\t\t<\/div><\/div>[\/vc_column][vc_column width=\u00bb1\/6&#8243;][\/vc_column][\/vc_row]<\/p>\n<\/div>","protected":false},"excerpt":{"rendered":"<p>[vc_row full_width=\u00bbstretch_row_content\u00bb full_height=\u00bbyes\u00bb bg_type=\u00bbimage\u00bb parallax_style=\u00bbvcpb-default\u00bb bg_image_new=\u00bbid^1106|url^https:\/\/tintapapel.com.gt\/wp-content\/uploads\/2024\/05\/bg_1-scaled.jpg|caption^null|alt^null|title^bg_1|description^null\u00bb bg_image_repeat=\u00bbno-repeat\u00bb bg_override=\u00bbex-full\u00bb enable_overlay=\u00bbenable_overlay_value\u00bb overlay_color=\u00bbrgba(0,0,0,0.11)\u00bb][vc_column width=\u00bb2\/3&#8243; el_class=\u00bbhome-padding1 homef\u00bb][\/vc_column][vc_column width=\u00bb1\/3&#8243;][\/vc_column][\/vc_row][vc_row full_width=\u00bbstretch_row_content_no_spaces\u00bb full_height=\u00bbyes\u00bb bg_type=\u00bbbg_color\u00bb bg_override=\u00bbex-full\u00bb el_id=\u00bbhome-freelancer-about\u00bb bg_color_value=\u00bb#ffffff\u00bb][vc_column width=\u00bb1\/2&#8243; el_class=\u00bbhome-padding1&#8243;][vc_custom_heading text=\u00bbTINTA PAPEL\u00bb use_theme_fonts=\u00bbyes\u00bb css=\u00bb\u00bb][vc_empty_space height=\u00bb10px\u00bb][vc_custom_heading text=\u00bbTintaPapel surge con la visi\u00f3n de establecer una relaci\u00f3n profesional con nuestros clientes centrada en sus ideas y proyectos. Brindamos asesoramiento en materiales, t\u00e9cnicas y acabados finales.\u00bb font_container=\u00bbtag:p|font_size:22px|text_align:left\u00bb [&hellip;]<\/p>\n","protected":false},"author":2,"featured_media":0,"parent":1039,"menu_order":0,"comment_status":"closed","ping_status":"closed","template":"page.php","meta":{"footnotes":""},"class_list":["post-341","page","type-page","status-publish","hentry"],"_links":{"self":[{"href":"https:\/\/tintapapel.com.gt\/index.php?rest_route=\/wp\/v2\/pages\/341","targetHints":{"allow":["GET"]}}],"collection":[{"href":"https:\/\/tintapapel.com.gt\/index.php?rest_route=\/wp\/v2\/pages"}],"about":[{"href":"https:\/\/tintapapel.com.gt\/index.php?rest_route=\/wp\/v2\/types\/page"}],"author":[{"embeddable":true,"href":"https:\/\/tintapapel.com.gt\/index.php?rest_route=\/wp\/v2\/users\/2"}],"replies":[{"embeddable":true,"href":"https:\/\/tintapapel.com.gt\/index.php?rest_route=%2Fwp%2Fv2%2Fcomments&post=341"}],"version-history":[{"count":36,"href":"https:\/\/tintapapel.com.gt\/index.php?rest_route=\/wp\/v2\/pages\/341\/revisions"}],"predecessor-version":[{"id":1167,"href":"https:\/\/tintapapel.com.gt\/index.php?rest_route=\/wp\/v2\/pages\/341\/revisions\/1167"}],"up":[{"embeddable":true,"href":"https:\/\/tintapapel.com.gt\/index.php?rest_route=\/wp\/v2\/pages\/1039"}],"wp:attachment":[{"href":"https:\/\/tintapapel.com.gt\/index.php?rest_route=%2Fwp%2Fv2%2Fmedia&parent=341"}],"curies":[{"name":"wp","href":"https:\/\/api.w.org\/{rel}","templated":true}]}}